{"id":217046,"date":"2018-06-13T14:56:57","date_gmt":"2018-06-13T12:56:57","guid":{"rendered":"http:\/\/vasenovewebovestranky.eu\/?page_id=217046"},"modified":"2019-08-10T16:19:21","modified_gmt":"2019-08-10T14:19:21","slug":"galerie","status":"publish","type":"page","link":"https:\/\/www.morrison.cz\/de\/galerie\/","title":{"rendered":"Galerie"},"content":{"rendered":"<p>[et_pb_section fb_built=&#8221;1&#8243; _builder_version=&#8221;3.22&#8243; custom_padding=&#8221;60px||||false|false&#8221;][et_pb_row custom_padding=&#8221;25px|0px|27px|0px&#8221; _builder_version=&#8221;3.25&#8243; background_size=&#8221;initial&#8221; background_position=&#8221;top_left&#8221; background_repeat=&#8221;repeat&#8221;][et_pb_column type=&#8221;4_4&#8243; _builder_version=&#8221;3.25&#8243; custom_padding=&#8221;|||&#8221; custom_padding__hover=&#8221;|||&#8221;][et_pb_text admin_label=&#8221;GALERIE Pohodln\u00e9 a \u00fatuln\u00e9 pokoje, klidn\u00e1 ulice a MHD za rohem. Komfortable und gem\u00fctliche Zimmer, ruhige Stra\u00dfe und Nahverkehr in der N\u00e4he.&#8221; _builder_version=&#8221;3.6&#8243;]<\/p>\n<h1>GALERIE<\/h1>\n<p><strong>Komfortable und gem\u00fctliche Zimmer, ruhige Stra\u00dfe und Nahverkehr in der N\u00e4he.<\/strong><br \/>\n[\/et_pb_text][\/et_pb_column][\/et_pb_row][et_pb_row use_custom_gutter=&#8221;on&#8221; gutter_width=&#8221;2&#8243; _builder_version=&#8221;3.25&#8243;][et_pb_column type=&#8221;4_4&#8243; _builder_version=&#8221;3.25&#8243; custom_padding=&#8221;|||&#8221; custom_padding__hover=&#8221;|||&#8221;][et_pb_gallery gallery_ids=&#8221;218413,218416,218419,218422,218425,218428,218431,218434,218437,216898,216899,216900,216901,216902,218590,216891,218575,216903,217000,216905&#8243; gallery_captions=&#8221;1,2,3,4,5,6,7,8,9,10,11,12,13,14,15,16,17,18&#8243; posts_number=&#8221;20&#8243; db_image_max_width_tablet=&#8221;51&#8243; db_image_max_height_tablet=&#8221;501&#8243; db_image_row_spacing_tablet=&#8221;51&#8243; db_image_center_titles=&#8221;left&#8221; db_image_object_fit=&#8221;initial&#8221; show_title_and_caption=&#8221;off&#8221; zoom_icon_color=&#8221;#000000&#8243; _builder_version=&#8221;3.26.5&#8243; title_level=&#8221;h4&#8243; title_font_size=&#8221;10&#8243; pagination_font_size_tablet=&#8221;51&#8243; pagination_line_height_tablet=&#8221;2&#8243;][\/et_pb_gallery][\/et_pb_column][\/et_pb_row][et_pb_row _builder_version=&#8221;3.25&#8243; background_size=&#8221;initial&#8221; background_position=&#8221;top_left&#8221; background_repeat=&#8221;repeat&#8221;][et_pb_column type=&#8221;4_4&#8243; _builder_version=&#8221;3.25&#8243; custom_padding=&#8221;|||&#8221; custom_padding__hover=&#8221;|||&#8221;][et_pb_button button_url=&#8221;\/de\/reservierung\/&#8221; button_text=&#8221;Bitte reservieren Sie Ihr Zimmer hier&#8221; button_alignment=&#8221;center&#8221; admin_label=&#8221;Tla\u010d\u00edtko Rezervujte si sv\u016fj pokoj Bitte reservieren Sie Ihr Zimmer hier&#8221; _builder_version=&#8221;3.16&#8243; custom_button=&#8221;on&#8221; button_border_radius=&#8221;5px&#8221; custom_margin=&#8221;25px|||&#8221; button_text_color_hover=&#8221;#ffffff&#8221; button_border_color_hover=&#8221;#666666&#8243; button_bg_color_hover=&#8221;#666666&#8243; global_module=&#8221;217035&#8243; saved_tabs=&#8221;all&#8221; button_text_size__hover_enabled=&#8221;off&#8221; button_one_text_size__hover_enabled=&#8221;off&#8221; button_two_text_size__hover_enabled=&#8221;off&#8221; button_text_color__hover_enabled=&#8221;on&#8221; button_text_color__hover=&#8221;#ffffff&#8221; button_one_text_color__hover_enabled=&#8221;off&#8221; button_two_text_color__hover_enabled=&#8221;off&#8221; button_border_width__hover_enabled=&#8221;off&#8221; button_one_border_width__hover_enabled=&#8221;off&#8221; button_two_border_width__hover_enabled=&#8221;off&#8221; button_border_color__hover_enabled=&#8221;on&#8221; button_border_color__hover=&#8221;#666666&#8243; button_one_border_color__hover_enabled=&#8221;off&#8221; button_two_border_color__hover_enabled=&#8221;off&#8221; button_border_radius__hover_enabled=&#8221;off&#8221; button_one_border_radius__hover_enabled=&#8221;off&#8221; button_two_border_radius__hover_enabled=&#8221;off&#8221; button_letter_spacing__hover_enabled=&#8221;off&#8221; button_one_letter_spacing__hover_enabled=&#8221;off&#8221; button_two_letter_spacing__hover_enabled=&#8221;off&#8221; button_bg_color__hover_enabled=&#8221;on&#8221; button_bg_color__hover=&#8221;#666666&#8243; button_one_bg_color__hover_enabled=&#8221;off&#8221; button_two_bg_color__hover_enabled=&#8221;off&#8221;]<\/p>\n<p>&nbsp;<\/p>\n<p>[\/et_pb_button][\/et_pb_column][\/et_pb_row][\/et_pb_section][et_pb_section fb_built=&#8221;1&#8243; module_class=&#8221;kontakt kontakt-row&#8221; _builder_version=&#8221;3.10.1&#8243; background_color=&#8221;#d4d4d4&#8243; custom_padding=&#8221;80px|0px|80px|0px|false|false&#8221; global_module=&#8221;217023&#8243;][et_pb_row column_structure=&#8221;1_3,1_3,1_3&#8243; use_custom_gutter=&#8221;on&#8221; gutter_width=&#8221;1&#8243; custom_padding=&#8221;0px||0px|&#8221; custom_margin=&#8221;0px||0px|&#8221; make_equal=&#8221;on&#8221; _builder_version=&#8221;3.25&#8243; custom_width_px=&#8221;1400px&#8221;][et_pb_column type=&#8221;1_3&#8243; _builder_version=&#8221;3.25&#8243; custom_padding=&#8221;|||&#8221; custom_padding__hover=&#8221;|||&#8221;][et_pb_blurb title=&#8221;Penzion Hotel Morrison&#8221; use_icon=&#8221;on&#8221; font_icon=&#8221;%%122%%&#8221; icon_color=&#8221;#717275&#8243; icon_placement=&#8221;left&#8221; admin_label=&#8221;Hotel Morrison &#8211; hotel Plze\u0148&#8221; _builder_version=&#8221;3.10.1&#8243; header_level=&#8221;h2&#8243; header_font=&#8221;||||||||&#8221; header_font_size=&#8221;18px&#8221; animation=&#8221;off&#8221; custom_css_blurb_image=&#8221;border-right: 1px solid #717275;||padding-right: 20px;&#8221;]<\/p>\n<p>Th\u00e1mova 9<br \/>301 00 Pilsen<\/p>\n<p>Tschechische Republik<\/p>\n<p>GPS: 49.73807, 13.36965<\/p>\n<p>[\/et_pb_blurb][et_pb_divider show_divider=&#8221;off&#8221; admin_label=&#8221;Odd\u011blova\u010d 35&#8243; _builder_version=&#8221;3.2&#8243; height=&#8221;35px&#8221;][\/et_pb_divider][et_pb_blurb use_icon=&#8221;on&#8221; font_icon=&#8221;%%92%%&#8221; icon_color=&#8221;#717275&#8243; icon_placement=&#8221;left&#8221; admin_label=&#8221;Recepce otev\u0159ena do 22 hodin, po domluv\u011b i d\u00e9le Die Rezeption ist bis 22 Uhr ge\u00f6ffnet, l\u00e4ngere \u00d6ffnungszeiten sind verhandelbar&#8221; _builder_version=&#8221;3.6&#8243; animation=&#8221;off&#8221; custom_css_blurb_image=&#8221;border-right: 1px solid #717275;||padding-right: 20px;&#8221;]<\/p>\n<div>Die Rezeption ist bis 22 Uhr<\/div>\n<div>ge\u00f6ffnet, l\u00e4ngere \u00d6ffnungszeiten<\/div>\n<div>sind verhandelbar<\/div>\n<p>[\/et_pb_blurb][et_pb_divider show_divider=&#8221;off&#8221; admin_label=&#8221;Odd\u011blova\u010d 35&#8243; _builder_version=&#8221;3.2&#8243; height=&#8221;35px&#8221;][\/et_pb_divider][\/et_pb_column][et_pb_column type=&#8221;1_3&#8243; _builder_version=&#8221;3.25&#8243; custom_padding=&#8221;|||&#8221; custom_padding__hover=&#8221;|||&#8221;][et_pb_blurb use_icon=&#8221;on&#8221; font_icon=&#8221;%%104%%&#8221; icon_color=&#8221;#717275&#8243; icon_placement=&#8221;left&#8221; admin_label=&#8221;Tel. +420 603 484 188&#8243; _builder_version=&#8221;3.0.90&#8243; animation=&#8221;off&#8221; custom_css_blurb_image=&#8221;border-right: 1px solid #717275;||padding-right: 20px;&#8221;]<\/p>\n<p><a href=\"tel:+420603484188\">+420 603 484 188<\/a><\/p>\n<p>[\/et_pb_blurb][et_pb_divider show_divider=&#8221;off&#8221; admin_label=&#8221;Odd\u011blova\u010d 35&#8243; _builder_version=&#8221;3.2&#8243; height=&#8221;35px&#8221;][\/et_pb_divider][et_pb_blurb use_icon=&#8221;on&#8221; font_icon=&#8221;%%264%%&#8221; icon_color=&#8221;#717275&#8243; icon_placement=&#8221;left&#8221; admin_label=&#8221;Tel.: 420 377 370 952&#8243; _builder_version=&#8221;3.0.86&#8243; animation=&#8221;off&#8221; custom_css_blurb_image=&#8221;border-right: 1px solid #717275;||padding-right: 20px;&#8221;]<\/p>\n<p><a href=\"tel:+420377370952\">+420 377 370 952<\/a><\/p>\n<p>[\/et_pb_blurb][et_pb_divider show_divider=&#8221;off&#8221; admin_label=&#8221;Odd\u011blova\u010d 35&#8243; _builder_version=&#8221;3.2&#8243; height=&#8221;35px&#8221;][\/et_pb_divider][et_pb_blurb use_icon=&#8221;on&#8221; font_icon=&#8221;%%153%%&#8221; icon_color=&#8221;#717275&#8243; icon_placement=&#8221;left&#8221; admin_label=&#8221;hotel@morrison.cz&#8221; _builder_version=&#8221;3.0.86&#8243; animation=&#8221;off&#8221; custom_css_blurb_image=&#8221;border-right: 1px solid #717275;||padding-right: 20px;&#8221;]<\/p>\n<p><a href=\"mailto:hotel@morrison.cz\">hotel@morrison.cz<\/a><\/p>\n<p>[\/et_pb_blurb][et_pb_divider show_divider=&#8221;off&#8221; admin_label=&#8221;Odd\u011blova\u010d 35&#8243; _builder_version=&#8221;3.2&#8243; height=&#8221;35px&#8221;][\/et_pb_divider][et_pb_blurb use_icon=&#8221;on&#8221; font_icon=&#8221;%%154%%&#8221; icon_color=&#8221;#717275&#8243; icon_placement=&#8221;left&#8221; admin_label=&#8221;<\/p>\n<p>Sn\u00eddan\u011b Po &#8211; P\u00e1: 7 &#8211; 9 hod.<br \/> So &#8211; Ne: 8 &#8211; 10 hod.<\/p>\n<p> Fr\u00fchst\u00fcck Mo \u2013 Fr: 7 \u2013 9:30 Uhr Sa \u2013 So: 8 \u2013 10 Uhr&#8221; _builder_version=&#8221;3.6&#8243; animation=&#8221;off&#8221; custom_css_blurb_image=&#8221;border-right: 1px solid #717275;||padding-right: 20px;&#8221;]<\/p>\n<p>Fr\u00fchst\u00fcck<br \/>Mo \u2013 Fr: 7 \u2013 9:30 Uhr<br \/>Sa \u2013 So: 8 \u2013 10 Uhr<\/p>\n<p>[\/et_pb_blurb][\/et_pb_column][et_pb_column type=&#8221;1_3&#8243; _builder_version=&#8221;3.25&#8243; custom_padding=&#8221;|||-100px&#8221; custom_padding_tablet=&#8221;40px|||40px&#8221; custom_padding_phone=&#8221;20px|||40px&#8221; custom_padding_last_edited=&#8221;on|phone&#8221; custom_padding__hover=&#8221;|||&#8221;][et_pb_text admin_label=&#8221;Kontaktn\u00ed formul\u00e1\u0159 %91vfb id=9%93 DE&#8221; module_class=&#8221;kontaktni-formular&#8221; _builder_version=&#8221;3.10.1&#8243; custom_margin=&#8221;0px|-15px||-50px&#8221; custom_margin_phone=&#8221;30px|||&#8221; custom_margin_last_edited=&#8221;on|desktop&#8221; custom_padding=&#8221;0px|||&#8221; custom_padding_phone=&#8221;10px|||&#8221; custom_padding_last_edited=&#8221;on|desktop&#8221; custom_css_main_element=&#8221;margin-top: -1em!important; ||&#8221;]<\/p>\n<div role=\"form\" class=\"wpcf7\" id=\"wpcf7-f217681-o1\" lang=\"cs-CZ\" dir=\"ltr\">\n<div class=\"screen-reader-response\"><p role=\"status\" aria-live=\"polite\" aria-atomic=\"true\"><\/p> <ul><\/ul><\/div>\n<form action=\"\/de\/wp-json\/wp\/v2\/pages\/217046#wpcf7-f217681-o1\" method=\"post\" class=\"wpcf7-form init\" novalidate=\"novalidate\" data-status=\"init\">\n<div style=\"display: none;\">\n<input type=\"hidden\" name=\"_wpcf7\" value=\"217681\" \/>\n<input type=\"hidden\" name=\"_wpcf7_version\" value=\"5.5.2\" \/>\n<input type=\"hidden\" name=\"_wpcf7_locale\" value=\"cs_CZ\" \/>\n<input type=\"hidden\" name=\"_wpcf7_unit_tag\" value=\"wpcf7-f217681-o1\" \/>\n<input type=\"hidden\" name=\"_wpcf7_container_post\" value=\"0\" \/>\n<input type=\"hidden\" name=\"_wpcf7_posted_data_hash\" value=\"\" \/>\n<input type=\"hidden\" name=\"_wpcf7_recaptcha_response\" value=\"\" \/>\n<\/div>\n<div class=\"cf7-field cf7-half\"><span class=\"wpcf7-form-control-wrap jmeno\"><input type=\"text\" name=\"jmeno\" value=\"\" size=\"40\" class=\"wpcf7-form-control wpcf7-text wpcf7-validates-as-required\" aria-required=\"true\" aria-invalid=\"false\" placeholder=\"Ihr Name und Vorname*\" \/><\/span><\/div>\n<div class=\"cf7-field cf7-half\"><span class=\"wpcf7-form-control-wrap tel\"><input type=\"tel\" name=\"tel\" value=\"\" size=\"40\" class=\"wpcf7-form-control wpcf7-text wpcf7-tel wpcf7-validates-as-tel\" aria-invalid=\"false\" placeholder=\"Handynummer mit Vorwahl\" \/><\/span><\/div>\n<div class=\"cf7-field cf7-full clear\"><span class=\"wpcf7-form-control-wrap email\"><input type=\"email\" name=\"email\" value=\"\" size=\"40\" class=\"wpcf7-form-control wpcf7-text wpcf7-email wpcf7-validates-as-required wpcf7-validates-as-email\" aria-required=\"true\" aria-invalid=\"false\" placeholder=\"Ihr E-Mail*\" \/><\/span><\/div>\n<div class=\"cf7-field cf7-full\"><span class=\"wpcf7-form-control-wrap zprava\"><textarea name=\"zprava\" cols=\"50\" rows=\"5\" class=\"wpcf7-form-control wpcf7-textarea wpcf7-validates-as-required\" aria-required=\"true\" aria-invalid=\"false\" placeholder=\"Schreiben Sie uns*\"><\/textarea><\/span><\/div>\n<p><input type=\"submit\" value=\"Absenden\" class=\"wpcf7-form-control has-spinner wpcf7-submit cf7-submit\" \/><\/p>\n<div class=\"wpcf7-response-output\" aria-hidden=\"true\"><\/div><\/form><\/div>\n<p>[\/et_pb_text][\/et_pb_column][\/et_pb_row][\/et_pb_section]<\/p>\n","protected":false},"excerpt":{"rendered":"<p>GALERIE Komfortable und gem\u00fctliche Zimmer, ruhige Stra\u00dfe und Nahverkehr in der N\u00e4he. &nbsp; Th\u00e1mova 9301 00 Pilsen Tschechische Republik GPS: 49.73807, 13.36965Die Rezeption ist bis 22 Uhr ge\u00f6ffnet, l\u00e4ngere \u00d6ffnungszeiten sind verhandelbar+420 603 484 188+420 377 370 952hotel@morrison.czFr\u00fchst\u00fcckMo \u2013 Fr: 7 \u2013 9:30 UhrSa \u2013 So: 8 \u2013 10 Uhr<div role=\"form\" class=\"wpcf7\" id=\"wpcf7-f217681-o2\" lang=\"cs-CZ\" dir=\"ltr\">\n<div class=\"screen-reader-response\"><p role=\"status\" aria-live=\"polite\" aria-atomic=\"true\"><\/p> <ul><\/ul><\/div>\n<form action=\"\/de\/wp-json\/wp\/v2\/pages\/217046#wpcf7-f217681-o2\" method=\"post\" class=\"wpcf7-form init\" novalidate=\"novalidate\" data-status=\"init\">\n<div style=\"display: none;\">\n<input type=\"hidden\" name=\"_wpcf7\" value=\"217681\" \/>\n<input type=\"hidden\" name=\"_wpcf7_version\" value=\"5.5.2\" \/>\n<input type=\"hidden\" name=\"_wpcf7_locale\" value=\"cs_CZ\" \/>\n<input type=\"hidden\" name=\"_wpcf7_unit_tag\" value=\"wpcf7-f217681-o2\" \/>\n<input type=\"hidden\" name=\"_wpcf7_container_post\" value=\"0\" \/>\n<input type=\"hidden\" name=\"_wpcf7_posted_data_hash\" value=\"\" \/>\n<input type=\"hidden\" name=\"_wpcf7_recaptcha_response\" value=\"\" \/>\n<\/div>\n<div class=\"cf7-field cf7-half\"><span class=\"wpcf7-form-control-wrap jmeno\"><input type=\"text\" name=\"jmeno\" value=\"\" size=\"40\" class=\"wpcf7-form-control wpcf7-text wpcf7-validates-as-required\" aria-required=\"true\" aria-invalid=\"false\" placeholder=\"Ihr Name und Vorname*\" \/><\/span><\/div>\n<div class=\"cf7-field cf7-half\"><span class=\"wpcf7-form-control-wrap tel\"><input type=\"tel\" name=\"tel\" value=\"\" size=\"40\" class=\"wpcf7-form-control wpcf7-text wpcf7-tel wpcf7-validates-as-tel\" aria-invalid=\"false\" placeholder=\"Handynummer mit Vorwahl\" \/><\/span><\/div>\n<div class=\"cf7-field cf7-full clear\"><span class=\"wpcf7-form-control-wrap email\"><input type=\"email\" name=\"email\" value=\"\" size=\"40\" class=\"wpcf7-form-control wpcf7-text wpcf7-email wpcf7-validates-as-required wpcf7-validates-as-email\" aria-required=\"true\" aria-invalid=\"false\" placeholder=\"Ihr E-Mail*\" \/><\/span><\/div>\n<div class=\"cf7-field cf7-full\"><span class=\"wpcf7-form-control-wrap zprava\"><textarea name=\"zprava\" cols=\"50\" rows=\"5\" class=\"wpcf7-form-control wpcf7-textarea wpcf7-validates-as-required\" aria-required=\"true\" aria-invalid=\"false\" placeholder=\"Schreiben Sie uns*\"><\/textarea><\/span><\/div>\n<p><input type=\"submit\" value=\"Absenden\" class=\"wpcf7-form-control has-spinner wpcf7-submit cf7-submit\" \/><\/p>\n<div class=\"wpcf7-response-output\" aria-hidden=\"true\"><\/div><\/form><\/div><\/p>\n","protected":false},"author":11,"featured_media":0,"parent":0,"menu_order":0,"comment_status":"closed","ping_status":"closed","template":"","meta":{"_et_pb_use_builder":"on","_et_pb_old_content":"","_et_gb_content_width":""},"_links":{"self":[{"href":"https:\/\/www.morrison.cz\/de\/wp-json\/wp\/v2\/pages\/217046"}],"collection":[{"href":"https:\/\/www.morrison.cz\/de\/wp-json\/wp\/v2\/pages"}],"about":[{"href":"https:\/\/www.morrison.cz\/de\/wp-json\/wp\/v2\/types\/page"}],"author":[{"embeddable":true,"href":"https:\/\/www.morrison.cz\/de\/wp-json\/wp\/v2\/users\/11"}],"replies":[{"embeddable":true,"href":"https:\/\/www.morrison.cz\/de\/wp-json\/wp\/v2\/comments?post=217046"}],"version-history":[{"count":10,"href":"https:\/\/www.morrison.cz\/de\/wp-json\/wp\/v2\/pages\/217046\/revisions"}],"predecessor-version":[{"id":218595,"href":"https:\/\/www.morrison.cz\/de\/wp-json\/wp\/v2\/pages\/217046\/revisions\/218595"}],"wp:attachment":[{"href":"https:\/\/www.morrison.cz\/de\/wp-json\/wp\/v2\/media?parent=217046"}],"curies":[{"name":"wp","href":"https:\/\/api.w.org\/{rel}","templated":true}]}}