{"id":217050,"date":"2018-06-13T15:02:55","date_gmt":"2018-06-13T13:02:55","guid":{"rendered":"http:\/\/vasenovewebovestranky.eu\/?page_id=217050"},"modified":"2026-02-12T18:30:43","modified_gmt":"2026-02-12T17:30:43","slug":"preisliste","status":"publish","type":"page","link":"https:\/\/www.morrison.cz\/de\/preisliste\/","title":{"rendered":"Preisliste"},"content":{"rendered":"<p>[et_pb_section fb_built=&#8221;1&#8243; _builder_version=&#8221;3.22&#8243; custom_padding=&#8221;60px||80px||false|false&#8221; global_colors_info=&#8221;{}&#8221;][et_pb_row _builder_version=&#8221;3.25&#8243; background_size=&#8221;initial&#8221; background_position=&#8221;top_left&#8221; background_repeat=&#8221;repeat&#8221; custom_padding=&#8221;25px|0px|27px|0px&#8221; global_colors_info=&#8221;{}&#8221;][et_pb_column type=&#8221;4_4&#8243; _builder_version=&#8221;3.25&#8243; custom_padding=&#8221;|||&#8221; global_colors_info=&#8221;{}&#8221; custom_padding__hover=&#8221;|||&#8221;][et_pb_text admin_label=&#8221;CEN\u00cdK Ubytov\u00e1n\u00ed za p\u0159\u00edznivou cenu v bl\u00edzkosti centra. PREISLISTE Unterkunft f\u00fcr g\u00fcnstig Preis in der N\u00e4he von Stadtzentrum.&#8221; _builder_version=&#8221;3.27.4&#8243; global_colors_info=&#8221;{}&#8221;]<\/p>\n<h1>PREISLISTE<\/h1>\n<p><strong>Unterkunft f\u00fcr g\u00fcnstig Preis in der N\u00e4he von Stadtzentrum.<\/strong><br \/>\n[\/et_pb_text][\/et_pb_column][\/et_pb_row][et_pb_row column_structure=&#8221;1_2,1_2&#8243; _builder_version=&#8221;3.25&#8243; background_size=&#8221;initial&#8221; background_position=&#8221;top_left&#8221; background_repeat=&#8221;repeat&#8221; custom_margin=&#8221;|||&#8221; custom_padding=&#8221;|||&#8221; global_colors_info=&#8221;{}&#8221;][et_pb_column type=&#8221;1_2&#8243; _builder_version=&#8221;3.25&#8243; custom_padding=&#8221;|||&#8221; global_colors_info=&#8221;{}&#8221; custom_padding__hover=&#8221;|||&#8221;][et_pb_text admin_label=&#8221;Tabulka &#8211; ceny&#8221; _builder_version=&#8221;4.13.1&#8243; header_text_align=&#8221;center&#8221; module_alignment=&#8221;center&#8221; custom_margin=&#8221;|||&#8221; global_colors_info=&#8221;{}&#8221;]<\/p>\n<table style=\"border-style: hidden;\">\n<tbody>\n<tr>\n<td>Einzelzimmer<\/td>\n<td>1000 CZK (Fr, Sa &amp; Feiertage 1200)<\/td>\n<\/tr>\n<tr>\n<td>Doppelzimmer<\/td>\n<td>1500 CZK<\/td>\n<\/tr>\n<tr>\n<td>Dreibettzimmer<\/td>\n<td>1980 CZK<\/td>\n<\/tr>\n<tr>\n<td>Appartement (2 bis 6 Personen)<\/td>\n<td>1800<span>\u2013<\/span>2520 CZK<\/td>\n<\/tr>\n<tr>\n<td>PKW Parkplatz\/pro Nacht<\/td>\n<td>150 CZK<\/td>\n<\/tr>\n<tr>\n<td>Motorrad Parkplatz\/pro Nacht<\/td>\n<td>100 CZK<\/td>\n<\/tr>\n<tr>\n<td>LKW Parkplatz\/pro Nacht<\/td>\n<td>200 CZK<\/td>\n<\/tr>\n<\/tbody>\n<\/table>\n<p>&nbsp;<\/p>\n<p>[\/et_pb_text][\/et_pb_column][et_pb_column type=&#8221;1_2&#8243; _builder_version=&#8221;3.25&#8243; custom_padding=&#8221;|||&#8221; global_colors_info=&#8221;{}&#8221; custom_padding__hover=&#8221;|||&#8221;][et_pb_text admin_label=&#8221;V\u0161echny ceny jsou v\u010detn\u011b DPH 15 % a je v nich zahrnuta sn\u00eddan\u011b formou bufetu. Ve vybran\u00fdch, exponovan\u00fdch term\u00ednech mohou b\u00fdt ceny nav\u00fd\u0161eny. P\u0159i del\u0161\u00edm pobytu nebo v\u011bt\u0161\u00edm skupin\u00e1m host\u016f m\u016f\u017ee b\u00fdt poskytnuta sleva. \u00dahrada je mo\u017en\u00e1 platebn\u00edmi kartami, p\u0159ij\u00edm\u00e1me rovn\u011b\u017e eura. Alle Preisen sind inklusive 15 % MwSt. und mit Fr\u00fchst\u00fcckbuffet. Wir behalten das Recht vor die Preisen w\u00e4hrend Messen und speziellen Jahreszeiten zu erh\u00f6hen. Wir k\u00f6nnen Ihnen auch individuelle Sparpreisangebote f\u00fcr Langzeit- oder Gruppenunterk\u00fcnfte anbieten. Zahlung mit Karte ist m\u00f6glich. Wir akzeptieren Euro.&#8221; _builder_version=&#8221;3.27.4&#8243; global_colors_info=&#8221;{}&#8221;]<\/p>\n<p>Alle Preisen sind inklusive 12 % MwSt. und mit Fr\u00fchst\u00fcckbuffet.<\/p>\n<p>Wir behalten das Recht vor die Preisen w\u00e4hrend Messen und speziellen Jahreszeiten zu erh\u00f6hen.<\/p>\n<p>Ein Zusatzbett ist f\u00fcr 300 CZK pro Nacht erh\u00e4ltlich.<\/p>\n<p>Zahlung mit Karte ist m\u00f6glich. Wir akzeptieren auch Euro in bar.<\/p>\n<p>Der Preis beinhaltet nicht die Kurtaxe von 35 CZK pro Erwachsener und Nacht, die die G\u00e4ste von Ort in bar bezahlen.\u00a0 \u00a0\u00a0<\/p>\n<p>[\/et_pb_text][\/et_pb_column][\/et_pb_row][et_pb_row _builder_version=&#8221;3.25&#8243; background_size=&#8221;initial&#8221; background_position=&#8221;top_left&#8221; background_repeat=&#8221;repeat&#8221; custom_margin=&#8221;|||&#8221; custom_padding=&#8221;|||&#8221; global_colors_info=&#8221;{}&#8221;][et_pb_column type=&#8221;4_4&#8243; _builder_version=&#8221;3.25&#8243; custom_padding=&#8221;|||&#8221; global_colors_info=&#8221;{}&#8221; custom_padding__hover=&#8221;|||&#8221;][et_pb_text admin_label=&#8221;platebn\u00ed karty&#8221; _builder_version=&#8221;3.27.4&#8243; text_orientation=&#8221;center&#8221; module_alignment=&#8221;center&#8221; saved_tabs=&#8221;all&#8221; global_colors_info=&#8221;{}&#8221;]<img loading=\"lazy\" class=\"alignnone wp-image-215959 visa-card\" src=\"\/wp-content\/uploads\/2017\/11\/Visa_Logo.png\" alt=\"\" width=\"62\" height=\"19\" srcset=\"https:\/\/www.morrison.cz\/wp-content\/uploads\/2017\/11\/Visa_Logo.png 326w, https:\/\/www.morrison.cz\/wp-content\/uploads\/2017\/11\/Visa_Logo-300x92.png 300w\" sizes=\"(max-width: 62px) 100vw, 62px\" \/>\u00a0<img loading=\"lazy\" class=\"wp-image-218178 alignnone size-full\" src=\"https:\/\/www.morrison.cz\/wp-content\/uploads\/2019\/04\/mc_card_symbol_new.png\" alt=\"\" width=\"40\" height=\"25\" \/><br \/>\n[\/et_pb_text][\/et_pb_column][\/et_pb_row][\/et_pb_section][et_pb_section fb_built=&#8221;1&#8243; _builder_version=&#8221;3.22&#8243; background_color=&#8221;#e9d2c6&#8243; custom_padding=&#8221;80px|0px|80px|0px|false|false&#8221; global_colors_info=&#8221;{}&#8221;][et_pb_row column_structure=&#8221;1_3,2_3&#8243; _builder_version=&#8221;3.25&#8243; background_size=&#8221;initial&#8221; background_position=&#8221;top_left&#8221; background_repeat=&#8221;repeat&#8221; custom_margin=&#8221;10px||10px|&#8221; global_colors_info=&#8221;{}&#8221;][et_pb_column type=&#8221;1_3&#8243; _builder_version=&#8221;3.25&#8243; custom_padding=&#8221;|||&#8221; global_colors_info=&#8221;{}&#8221; custom_padding__hover=&#8221;|||&#8221;][et_pb_image src=&#8221;\/wp-content\/uploads\/2018\/02\/Restaurace_01.jpg&#8221; align_tablet=&#8221;center&#8221; align_phone=&#8221;&#8221; align_last_edited=&#8221;on|desktop&#8221; _builder_version=&#8221;3.23&#8243; global_colors_info=&#8221;{}&#8221;]&nbsp;<br \/>\n[\/et_pb_image][\/et_pb_column][et_pb_column type=&#8221;2_3&#8243; _builder_version=&#8221;3.25&#8243; custom_padding=&#8221;|||&#8221; global_colors_info=&#8221;{}&#8221; custom_padding__hover=&#8221;|||&#8221;][et_pb_text admin_label=&#8221;RESTAURACE U L\u00cdZALKY A LA SPEZIA Host\u00e9 mohou nav\u0161t\u00edvit bl\u00edzk\u00e9 restaurace U L\u00edzalky nebo La Spezia, kde maj\u00ed 10 % slevu. Pro z\u00edsk\u00e1n\u00ed slevy je nutn\u00e9 n\u00e1v\u0161t\u011bvu restaurace p\u0159edem ozn\u00e1mit v recepci. Sleva se nevztahuje na n\u00e1poje a poledn\u00ed menu. U L\u00edzalky, La Spezia Hotelg\u00e4ste k\u00f6nnen einen speziellen 10 % Sparpreis im Restaurant \u201eU Lizalky\u201c und \u201eLa Spezia\u201c erhalten. Bitte informieren Sie unsere Hotelrezeption von Ihrem Restaurantbesuch. Dieses Angebot ist nicht nutzbar f\u00fcr Getr\u00e4nke und Gerichte aus der Mittags-Speisekarte.&#8221; _builder_version=&#8221;4.13.1&#8243; global_colors_info=&#8221;{}&#8221;]<\/p>\n<h2><\/h2>\n<h2>RESTAURANTS IN DER N\u00c4HE<\/h2>\n<p>Obwohl in der Pension nur Fr\u00fchst\u00fcck angeboten wird, k\u00f6nnen die G\u00e4ste aus einer Vielzahl von Restaurants, Caf\u00e9s oder Bistros in der Umgebung w\u00e4hlen.<\/p>\n<p>&nbsp;<\/p>\n<p>[\/et_pb_text][\/et_pb_column][\/et_pb_row][\/et_pb_section][et_pb_section fb_built=&#8221;1&#8243; _builder_version=&#8221;3.22&#8243; custom_padding=&#8221;80px|0px|80px|0px|false|false&#8221; global_colors_info=&#8221;{}&#8221;][et_pb_row column_structure=&#8221;2_3,1_3&#8243; _builder_version=&#8221;3.25&#8243; background_size=&#8221;initial&#8221; background_position=&#8221;top_left&#8221; background_repeat=&#8221;repeat&#8221; custom_margin=&#8221;15px||15px|&#8221; global_colors_info=&#8221;{}&#8221;][et_pb_column type=&#8221;2_3&#8243; _builder_version=&#8221;3.25&#8243; custom_padding=&#8221;|||&#8221; global_colors_info=&#8221;{}&#8221; custom_padding__hover=&#8221;|||&#8221;][et_pb_text admin_label=&#8221;Vychovan\u00ed psi jsou v\u00edt\u00e1ni po p\u0159edchoz\u00ed domluv\u011b s recepc\u00ed a za poplatek. Hunde sind gegen vorheriger Anfrage und gegen Geb\u00fchr in unserer Pension erlaubt.&#8221; _builder_version=&#8221;4.13.1&#8243; global_colors_info=&#8221;{}&#8221;]<\/p>\n<p>&nbsp;<\/p>\n<p>Hunde sind gegen vorheriger Anfrage und gegen Geb\u00fchr in unserer Pension erlaubt.<\/p>\n<p>[\/et_pb_text][\/et_pb_column][et_pb_column type=&#8221;1_3&#8243; _builder_version=&#8221;3.25&#8243; custom_padding=&#8221;|||&#8221; global_colors_info=&#8221;{}&#8221; custom_padding__hover=&#8221;|||&#8221;][et_pb_image src=&#8221;\/wp-content\/uploads\/2017\/11\/hotel_morrison_ubytovani_plzen_ikona_pes.png&#8221; align=&#8221;center&#8221; align_tablet=&#8221;center&#8221; align_phone=&#8221;&#8221; align_last_edited=&#8221;on|desktop&#8221; admin_label=&#8221;Obr\u00e1zek ikona \u0161t\u011bn\u011b&#8221; _builder_version=&#8221;3.23&#8243; max_width=&#8221;52%&#8221; module_alignment=&#8221;center&#8221; saved_tabs=&#8221;all&#8221; global_colors_info=&#8221;{}&#8221;]&nbsp;<br \/>\n[\/et_pb_image][\/et_pb_column][\/et_pb_row][et_pb_row _builder_version=&#8221;3.25&#8243; background_size=&#8221;initial&#8221; background_position=&#8221;top_left&#8221; background_repeat=&#8221;repeat&#8221; global_colors_info=&#8221;{}&#8221;][et_pb_column type=&#8221;4_4&#8243; _builder_version=&#8221;3.25&#8243; custom_padding=&#8221;|||&#8221; global_colors_info=&#8221;{}&#8221; custom_padding__hover=&#8221;|||&#8221;][et_pb_button button_url=&#8221;\/de\/reservierung\/&#8221; button_text=&#8221;Bitte reservieren Sie Ihr Zimmer hier&#8221; button_alignment=&#8221;center&#8221; admin_label=&#8221;Tla\u010d\u00edtko Rezervujte si sv\u016fj pokoj Bitte reservieren Sie Ihr Zimmer hier&#8221; _builder_version=&#8221;3.16&#8243; custom_button=&#8221;on&#8221; button_border_radius=&#8221;5px&#8221; custom_margin=&#8221;25px|||&#8221; button_text_color_hover=&#8221;#ffffff&#8221; button_border_color_hover=&#8221;#666666&#8243; button_bg_color_hover=&#8221;#666666&#8243; global_module=&#8221;217035&#8243; saved_tabs=&#8221;all&#8221; global_colors_info=&#8221;{}&#8221; button_text_size__hover_enabled=&#8221;off&#8221; button_one_text_size__hover_enabled=&#8221;off&#8221; button_two_text_size__hover_enabled=&#8221;off&#8221; button_text_color__hover_enabled=&#8221;on&#8221; button_text_color__hover=&#8221;#ffffff&#8221; button_one_text_color__hover_enabled=&#8221;off&#8221; button_two_text_color__hover_enabled=&#8221;off&#8221; button_border_width__hover_enabled=&#8221;off&#8221; button_one_border_width__hover_enabled=&#8221;off&#8221; button_two_border_width__hover_enabled=&#8221;off&#8221; button_border_color__hover_enabled=&#8221;on&#8221; button_border_color__hover=&#8221;#666666&#8243; button_one_border_color__hover_enabled=&#8221;off&#8221; button_two_border_color__hover_enabled=&#8221;off&#8221; button_border_radius__hover_enabled=&#8221;off&#8221; button_one_border_radius__hover_enabled=&#8221;off&#8221; button_two_border_radius__hover_enabled=&#8221;off&#8221; button_letter_spacing__hover_enabled=&#8221;off&#8221; button_one_letter_spacing__hover_enabled=&#8221;off&#8221; button_two_letter_spacing__hover_enabled=&#8221;off&#8221; button_bg_color__hover_enabled=&#8221;on&#8221; button_bg_color__hover=&#8221;#666666&#8243; button_one_bg_color__hover_enabled=&#8221;off&#8221; button_two_bg_color__hover_enabled=&#8221;off&#8221;]<\/p>\n<p>&nbsp;<\/p>\n<p>[\/et_pb_button][\/et_pb_column][\/et_pb_row][\/et_pb_section][et_pb_section fb_built=&#8221;1&#8243; module_class=&#8221;kontakt kontakt-row&#8221; _builder_version=&#8221;3.10.1&#8243; background_color=&#8221;#d4d4d4&#8243; custom_padding=&#8221;80px|0px|80px|0px|false|false&#8221; global_module=&#8221;217023&#8243; global_colors_info=&#8221;{}&#8221;][et_pb_row column_structure=&#8221;1_3,1_3,1_3&#8243; use_custom_gutter=&#8221;on&#8221; gutter_width=&#8221;1&#8243; make_equal=&#8221;on&#8221; _builder_version=&#8221;3.25&#8243; custom_margin=&#8221;0px||0px|&#8221; custom_padding=&#8221;0px||0px|&#8221; custom_width_px=&#8221;1400px&#8221; global_colors_info=&#8221;{}&#8221;][et_pb_column type=&#8221;1_3&#8243; _builder_version=&#8221;3.25&#8243; custom_padding=&#8221;|||&#8221; global_colors_info=&#8221;{}&#8221; custom_padding__hover=&#8221;|||&#8221;][et_pb_blurb title=&#8221;Penzion Hotel Morrison&#8221; use_icon=&#8221;on&#8221; font_icon=&#8221;&#xe01d;||divi||400&#8243; icon_color=&#8221;#717275&#8243; icon_placement=&#8221;left&#8221; admin_label=&#8221;Hotel Morrison &#8211; hotel Plze\u0148&#8221; _builder_version=&#8221;4.13.0&#8243; header_level=&#8221;h2&#8243; header_font=&#8221;||||||||&#8221; header_font_size=&#8221;18px&#8221; animation=&#8221;off&#8221; custom_css_blurb_image=&#8221;border-right: 1px solid #717275;||padding-right: 20px;&#8221; global_colors_info=&#8221;{}&#8221;]<\/p>\n<p>Th\u00e1mova 9<br \/>301 00 Pilsen<\/p>\n<p>Tschechische Republik<\/p>\n<p>GPS: 49.73807, 13.36965<\/p>\n<p>[\/et_pb_blurb][et_pb_divider show_divider=&#8221;off&#8221; admin_label=&#8221;Odd\u011blova\u010d 35&#8243; _builder_version=&#8221;3.2&#8243; height=&#8221;35px&#8221; global_colors_info=&#8221;{}&#8221;][\/et_pb_divider][et_pb_blurb use_icon=&#8221;on&#8221; font_icon=&#8221;&#x7d;||divi||400&#8243; icon_color=&#8221;#717275&#8243; icon_placement=&#8221;left&#8221; admin_label=&#8221;Recepce otev\u0159ena do 22 hodin, po domluv\u011b i d\u00e9le Die Rezeption ist bis 22 Uhr ge\u00f6ffnet, l\u00e4ngere \u00d6ffnungszeiten sind verhandelbar&#8221; _builder_version=&#8221;4.13.0&#8243; animation=&#8221;off&#8221; custom_css_blurb_image=&#8221;border-right: 1px solid #717275;||padding-right: 20px;&#8221; global_colors_info=&#8221;{}&#8221;]<\/p>\n<div>Die Rezeption ist bis 22 Uhr<\/div>\n<div>ge\u00f6ffnet, l\u00e4ngere \u00d6ffnungszeiten<\/div>\n<div>sind verhandelbar<\/div>\n<p>[\/et_pb_blurb][et_pb_divider show_divider=&#8221;off&#8221; admin_label=&#8221;Odd\u011blova\u010d 35&#8243; _builder_version=&#8221;3.2&#8243; height=&#8221;35px&#8221; global_colors_info=&#8221;{}&#8221;][\/et_pb_divider][\/et_pb_column][et_pb_column type=&#8221;1_3&#8243; _builder_version=&#8221;3.25&#8243; custom_padding=&#8221;|||&#8221; global_colors_info=&#8221;{}&#8221; custom_padding__hover=&#8221;|||&#8221;][et_pb_blurb use_icon=&#8221;on&#8221; font_icon=&#8221;&#xe090;||divi||400&#8243; icon_color=&#8221;#717275&#8243; icon_placement=&#8221;left&#8221; admin_label=&#8221;Tel.: 420 377 370 952&#8243; _builder_version=&#8221;4.13.1&#8243; animation=&#8221;off&#8221; custom_css_blurb_image=&#8221;border-right: 1px solid #717275;||padding-right: 20px;&#8221; global_colors_info=&#8221;{}&#8221;]<\/p>\n<p><a href=\"tel:+420603484188\"><span>+420 603 484 188<\/span><\/a><\/p>\n<p>[\/et_pb_blurb][et_pb_divider show_divider=&#8221;off&#8221; admin_label=&#8221;Odd\u011blova\u010d 35&#8243; _builder_version=&#8221;3.2&#8243; height=&#8221;35px&#8221; global_colors_info=&#8221;{}&#8221;][\/et_pb_divider][et_pb_blurb use_icon=&#8221;on&#8221; font_icon=&#8221;&#xe010;||divi||400&#8243; icon_color=&#8221;#717275&#8243; icon_placement=&#8221;left&#8221; admin_label=&#8221;hotel@morrison.cz&#8221; _builder_version=&#8221;4.13.0&#8243; animation=&#8221;off&#8221; custom_css_blurb_image=&#8221;border-right: 1px solid #717275;||padding-right: 20px;&#8221; global_colors_info=&#8221;{}&#8221;]<\/p>\n<p><a href=\"mailto:hotel@morrison.cz\">hotel@morrison.cz<\/a><\/p>\n<p>[\/et_pb_blurb][et_pb_divider show_divider=&#8221;off&#8221; admin_label=&#8221;Odd\u011blova\u010d 35&#8243; _builder_version=&#8221;3.2&#8243; height=&#8221;35px&#8221; global_colors_info=&#8221;{}&#8221;][\/et_pb_divider][et_pb_blurb use_icon=&#8221;on&#8221; font_icon=&#8221;&#xe105;||divi||400&#8243; icon_color=&#8221;#717275&#8243; icon_placement=&#8221;left&#8221; admin_label=&#8221;<\/p>\n<p>Sn\u00eddan\u011b Po &#8211; P\u00e1: 7 &#8211; 9 hod.<br \/> So &#8211; Ne: 8 &#8211; 10 hod.<\/p>\n<p> Fr\u00fchst\u00fcck Mo \u2013 Fr: 7 \u2013 9:30 Uhr Sa \u2013 So: 8 \u2013 10 Uhr&#8221; _builder_version=&#8221;4.13.0&#8243; animation=&#8221;off&#8221; custom_css_blurb_image=&#8221;border-right: 1px solid #717275;||padding-right: 20px;&#8221; global_colors_info=&#8221;{}&#8221;]<\/p>\n<p>Fr\u00fchst\u00fcck<br \/>Mo<span>\u2013<\/span>Fr: 7<span>\u2013<\/span>9 Uhr<br \/>Sa<span>\u2013<\/span>So: 8<span>\u2013<\/span>10 Uhr<\/p>\n<p>[\/et_pb_blurb][\/et_pb_column][et_pb_column type=&#8221;1_3&#8243; _builder_version=&#8221;3.25&#8243; custom_padding=&#8221;|||-100px&#8221; custom_padding_tablet=&#8221;40px|||40px&#8221; custom_padding_phone=&#8221;20px|||40px&#8221; custom_padding_last_edited=&#8221;on|phone&#8221; global_colors_info=&#8221;{}&#8221; custom_padding__hover=&#8221;|||&#8221;][et_pb_text admin_label=&#8221;Kontaktn\u00ed formul\u00e1\u0159 %91vfb id=9%93 DE&#8221; module_class=&#8221;kontaktni-formular&#8221; _builder_version=&#8221;3.27.4&#8243; custom_margin=&#8221;0px|-15px||-50px&#8221; custom_margin_tablet=&#8221;&#8221; custom_margin_phone=&#8221;30px|||&#8221; custom_margin_last_edited=&#8221;on|desktop&#8221; custom_padding=&#8221;0px|||&#8221; custom_padding_tablet=&#8221;&#8221; custom_padding_phone=&#8221;10px|||&#8221; custom_padding_last_edited=&#8221;on|desktop&#8221; custom_css_main_element=&#8221;margin-top: -1em!important; ||&#8221; global_colors_info=&#8221;{}&#8221;]<\/p>\n<div role=\"form\" class=\"wpcf7\" id=\"wpcf7-f217681-o1\" lang=\"cs-CZ\" dir=\"ltr\">\n<div class=\"screen-reader-response\"><p role=\"status\" aria-live=\"polite\" aria-atomic=\"true\"><\/p> <ul><\/ul><\/div>\n<form action=\"\/de\/wp-json\/wp\/v2\/pages\/217050#wpcf7-f217681-o1\" method=\"post\" class=\"wpcf7-form init\" novalidate=\"novalidate\" data-status=\"init\">\n<div style=\"display: none;\">\n<input type=\"hidden\" name=\"_wpcf7\" value=\"217681\" \/>\n<input type=\"hidden\" name=\"_wpcf7_version\" value=\"5.5.2\" \/>\n<input type=\"hidden\" name=\"_wpcf7_locale\" value=\"cs_CZ\" \/>\n<input type=\"hidden\" name=\"_wpcf7_unit_tag\" value=\"wpcf7-f217681-o1\" \/>\n<input type=\"hidden\" name=\"_wpcf7_container_post\" value=\"0\" \/>\n<input type=\"hidden\" name=\"_wpcf7_posted_data_hash\" value=\"\" \/>\n<input type=\"hidden\" name=\"_wpcf7_recaptcha_response\" value=\"\" \/>\n<\/div>\n<div class=\"cf7-field cf7-half\"><span class=\"wpcf7-form-control-wrap jmeno\"><input type=\"text\" name=\"jmeno\" value=\"\" size=\"40\" class=\"wpcf7-form-control wpcf7-text wpcf7-validates-as-required\" aria-required=\"true\" aria-invalid=\"false\" placeholder=\"Ihr Name und Vorname*\" \/><\/span><\/div>\n<div class=\"cf7-field cf7-half\"><span class=\"wpcf7-form-control-wrap tel\"><input type=\"tel\" name=\"tel\" value=\"\" size=\"40\" class=\"wpcf7-form-control wpcf7-text wpcf7-tel wpcf7-validates-as-tel\" aria-invalid=\"false\" placeholder=\"Handynummer mit Vorwahl\" \/><\/span><\/div>\n<div class=\"cf7-field cf7-full clear\"><span class=\"wpcf7-form-control-wrap email\"><input type=\"email\" name=\"email\" value=\"\" size=\"40\" class=\"wpcf7-form-control wpcf7-text wpcf7-email wpcf7-validates-as-required wpcf7-validates-as-email\" aria-required=\"true\" aria-invalid=\"false\" placeholder=\"Ihr E-Mail*\" \/><\/span><\/div>\n<div class=\"cf7-field cf7-full\"><span class=\"wpcf7-form-control-wrap zprava\"><textarea name=\"zprava\" cols=\"50\" rows=\"5\" class=\"wpcf7-form-control wpcf7-textarea wpcf7-validates-as-required\" aria-required=\"true\" aria-invalid=\"false\" placeholder=\"Schreiben Sie uns*\"><\/textarea><\/span><\/div>\n<p><input type=\"submit\" value=\"Absenden\" class=\"wpcf7-form-control has-spinner wpcf7-submit cf7-submit\" \/><\/p>\n<div class=\"wpcf7-response-output\" aria-hidden=\"true\"><\/div><\/form><\/div>\n<p>[\/et_pb_text][\/et_pb_column][\/et_pb_row][\/et_pb_section]<\/p>\n","protected":false},"excerpt":{"rendered":"<p>PREISLISTE Unterkunft f\u00fcr g\u00fcnstig Preis in der N\u00e4he von Stadtzentrum. Einzelzimmer 1000 CZK (Fr, Sa &amp; Feiertage 1200) Doppelzimmer 1500 CZK Dreibettzimmer 1980 CZK Appartement (2 bis 6 Personen) 1800\u20132520 CZK PKW Parkplatz\/pro Nacht 150 CZK Motorrad Parkplatz\/pro Nacht 100 CZK LKW Parkplatz\/pro Nacht 200 CZK &nbsp;Alle Preisen sind inklusive 12 % MwSt. und mit [&hellip;]<\/p>\n","protected":false},"author":11,"featured_media":0,"parent":0,"menu_order":0,"comment_status":"closed","ping_status":"closed","template":"","meta":{"_et_pb_use_builder":"on","_et_pb_old_content":"","_et_gb_content_width":""},"_links":{"self":[{"href":"https:\/\/www.morrison.cz\/de\/wp-json\/wp\/v2\/pages\/217050"}],"collection":[{"href":"https:\/\/www.morrison.cz\/de\/wp-json\/wp\/v2\/pages"}],"about":[{"href":"https:\/\/www.morrison.cz\/de\/wp-json\/wp\/v2\/types\/page"}],"author":[{"embeddable":true,"href":"https:\/\/www.morrison.cz\/de\/wp-json\/wp\/v2\/users\/11"}],"replies":[{"embeddable":true,"href":"https:\/\/www.morrison.cz\/de\/wp-json\/wp\/v2\/comments?post=217050"}],"version-history":[{"count":42,"href":"https:\/\/www.morrison.cz\/de\/wp-json\/wp\/v2\/pages\/217050\/revisions"}],"predecessor-version":[{"id":226510,"href":"https:\/\/www.morrison.cz\/de\/wp-json\/wp\/v2\/pages\/217050\/revisions\/226510"}],"wp:attachment":[{"href":"https:\/\/www.morrison.cz\/de\/wp-json\/wp\/v2\/media?parent=217050"}],"curies":[{"name":"wp","href":"https:\/\/api.w.org\/{rel}","templated":true}]}}