{"id":216791,"date":"2018-06-12T16:40:39","date_gmt":"2018-06-12T14:40:39","guid":{"rendered":"http:\/\/vasenovewebovestranky.eu\/?page_id=216791"},"modified":"2024-03-13T20:36:57","modified_gmt":"2024-03-13T19:36:57","slug":"uvod","status":"publish","type":"page","link":"https:\/\/www.morrison.cz\/en\/","title":{"rendered":"Home"},"content":{"rendered":"<p>[et_pb_section fb_built=&#8221;1&#8243; _builder_version=&#8221;3.22&#8243; custom_padding=&#8221;60px|0px|80px|0px|false|false&#8221; global_colors_info=&#8221;{}&#8221;][et_pb_row _builder_version=&#8221;3.25&#8243; background_size=&#8221;initial&#8221; background_position=&#8221;top_left&#8221; background_repeat=&#8221;repeat&#8221; custom_margin=&#8221;0px|||&#8221; custom_padding=&#8221;10px||30px||false|false&#8221; global_colors_info=&#8221;{}&#8221;][et_pb_column type=&#8221;4_4&#8243; _builder_version=&#8221;3.25&#8243; custom_padding=&#8221;|||&#8221; global_colors_info=&#8221;{}&#8221; custom_padding__hover=&#8221;|||&#8221;][et_pb_text admin_label=&#8221;<\/p>\n<h1>Penzion Hotel Morrison<\/h1>\n<p><strong>P\u0159\u00edjemn\u00e9 a dostupn\u00e9 ubytov\u00e1n\u00ed v Plzni s tradic\u00ed ji\u017e od roku 1995.<\/strong><\/p>\n<p> Pleasant and well priced accommodation in Pilsen since 1995.&#8221; _builder_version=&#8221;3.27.4&#8243; header_font=&#8221;|||on|||||&#8221; custom_margin=&#8221;15px|||&#8221; global_colors_info=&#8221;{}&#8221;]<\/p>\n<h1>Penzion Hotel Morrison<\/h1>\n<p><strong>Pleasant and well priced accommodation in Pilsen since 1995.<\/strong><!--[echo-content-down-arrow id=\"temp-id\" class=\"temp-class\" size=\"80\" type=\"epda-icon-arrow-regular\" animation_type=\"bounce-effect-2\" color=\"666666\" duration_time=\"10000\" bouncing_speed=\"2000\" move_to=\"\" scrolling=\"true\" disable_bouncing=\"false\" disable_duration=\"true\" ]--><br \/>\n[\/et_pb_text][\/et_pb_column][\/et_pb_row][et_pb_row column_structure=&#8221;1_3,2_3&#8243; _builder_version=&#8221;3.25&#8243; background_size=&#8221;initial&#8221; background_position=&#8221;top_left&#8221; background_repeat=&#8221;repeat&#8221; custom_padding=&#8221;|0px||&#8221; global_colors_info=&#8221;{}&#8221;][et_pb_column type=&#8221;1_3&#8243; _builder_version=&#8221;3.25&#8243; custom_padding=&#8221;|||&#8221; global_colors_info=&#8221;{}&#8221; custom_padding__hover=&#8221;|||&#8221;][et_pb_image src=&#8221;\/wp-content\/uploads\/2018\/07\/hotel_morrison_ubytovani_plzen_img-_16-458&#215;310.jpg&#8221; align_tablet=&#8221;center&#8221; align_phone=&#8221;&#8221; align_last_edited=&#8221;on|desktop&#8221; _builder_version=&#8221;3.23&#8243; custom_css_main_element=&#8221;min-width:300px!important;&#8221; saved_tabs=&#8221;all&#8221; global_colors_info=&#8221;{}&#8221;]<\/p>\n<p>&nbsp;<\/p>\n<p>[\/et_pb_image][\/et_pb_column][et_pb_column type=&#8221;2_3&#8243; _builder_version=&#8221;3.25&#8243; custom_padding=&#8221;|||&#8221; global_colors_info=&#8221;{}&#8221; custom_padding__hover=&#8221;|||&#8221;][et_pb_divider show_divider=&#8221;off&#8221; _builder_version=&#8221;3.2&#8243; global_colors_info=&#8221;{}&#8221;][\/et_pb_divider][et_pb_text admin_label=&#8221;Penzion se nach\u00e1z\u00ed v klidn\u00e9 ulici jen 10 minut ch\u016fze od historick\u00e9ho centra Plzn\u011b, v bl\u00edzkosti MHD a nedaleko Zimn\u00edho stadionu, are\u00e1lu \u0160koda Plze\u0148, pr\u016fmyslov\u00e9 z\u00f3ny Borsk\u00e1 pole a tak\u00e9 pobl\u00ed\u017e obl\u00edben\u00e9 Techmanie. We are located in a quiet street only 10 mins walk from the city center, close to public transport and not far from the ice hockey stadium, Skoda Plzen, Borska pole industrial zone and Techmania.&#8221; _builder_version=&#8221;3.27.4&#8243; custom_margin=&#8221;15px|||&#8221; global_colors_info=&#8221;{}&#8221;]<\/p>\n<p>We are located in a quiet street only 10 mins walk from the city center, close to public transport and not far from the ice hockey stadium, Skoda Plzen, Borska pole industrial zone and Techmania. The cultural space Moving Station is around the corner and you can easily walk to DEPO2015.<\/p>\n<p>[\/et_pb_text][\/et_pb_column][\/et_pb_row][\/et_pb_section][et_pb_section fb_built=&#8221;1&#8243; _builder_version=&#8221;3.22&#8243; background_color=&#8221;#e9d2c6&#8243; custom_padding=&#8221;80px|0px|80px|0px|false|false&#8221; global_colors_info=&#8221;{}&#8221;][et_pb_row column_structure=&#8221;2_3,1_3&#8243; _builder_version=&#8221;3.25&#8243; background_size=&#8221;initial&#8221; background_position=&#8221;top_left&#8221; background_repeat=&#8221;repeat&#8221; custom_padding=&#8221;29px|0px|28px|0px|false|false&#8221; global_colors_info=&#8221;{}&#8221;][et_pb_column type=&#8221;2_3&#8243; _builder_version=&#8221;3.25&#8243; custom_padding=&#8221;|||&#8221; global_colors_info=&#8221;{}&#8221; custom_padding__hover=&#8221;|||&#8221;][et_pb_text admin_label=&#8221;V penzionu jsou k dispozici 1, 2 a 3l\u016f\u017ekov\u00e9 pokoje a apartm\u00e1n a\u017e pro 6 osob se 2 lo\u017enicemi a malou kuchy\u0148kou, celkem lze ubytovat a\u017e 30 host\u016f. V\u0161echny pokoje jsou vybaveny koupelnou se sprchov\u00fdm koutem a toaletou, lednic\u00ed a televizorem se satelitn\u00edm p\u0159\u00edjmem. Do vybran\u00fdch pokoj\u016f lze p\u0159idat p\u0159ist\u00fdlku nebo d\u011btskou post\u00fdlku. Na v\u0161ech pokoj\u00edch je dostupn\u00e1 WiFi zdarma. At Morrison B&#038;B we have 1, 2 and 3 bed rooms available, along with an apartment which can sleep up to 6 in two separate bedrooms and it also has a kitchenette. Up to 30 guests can be accommodated at the Morrison. All rooms are equipped with a bathroom which has a shower and toilet. There is also a mini fridge and satellite TV in the room. In some rooms we can add an extra bed or cot. Wi-Fi is available in all rooms free of charge.&#8221; _builder_version=&#8221;3.27.4&#8243; global_colors_info=&#8221;{}&#8221;]At Morrison B&amp;B we have 1, 2 and 3 bed rooms available, along with an apartment which can sleep up to 6 in two separate bedrooms and it also has a kitchenette. Up to 30 guests can be accommodated at the Morrison. All rooms are equipped with a bathroom which has a shower and toilet. There is also a mini fridge and satellite TV in the room. In some rooms we can add an extra bed or cot. Wi-Fi is available in all rooms free of charge.<br \/>\n[\/et_pb_text][\/et_pb_column][et_pb_column type=&#8221;1_3&#8243; _builder_version=&#8221;3.25&#8243; custom_padding=&#8221;|||&#8221; global_colors_info=&#8221;{}&#8221; custom_padding__hover=&#8221;|||&#8221;][et_pb_divider show_divider=&#8221;off&#8221; _builder_version=&#8221;3.2&#8243; global_colors_info=&#8221;{}&#8221;][\/et_pb_divider][et_pb_image src=&#8221;\/wp-content\/uploads\/2018\/01\/ikona_postele-e1519998210271.png&#8221; align=&#8221;center&#8221; align_tablet=&#8221;center&#8221; align_phone=&#8221;&#8221; align_last_edited=&#8221;on|desktop&#8221; _builder_version=&#8221;3.23&#8243; max_width_last_edited=&#8221;off|phone&#8221; module_alignment=&#8221;center&#8221; global_colors_info=&#8221;{}&#8221;][\/et_pb_image][\/et_pb_column][\/et_pb_row][\/et_pb_section][et_pb_section fb_built=&#8221;1&#8243; _builder_version=&#8221;3.22&#8243; global_colors_info=&#8221;{}&#8221;][et_pb_row column_structure=&#8221;1_3,2_3&#8243; _builder_version=&#8221;3.25&#8243; background_size=&#8221;initial&#8221; background_position=&#8221;top_left&#8221; background_repeat=&#8221;repeat&#8221; custom_padding=&#8221;80px|0px|27px|0px|false|false&#8221; global_colors_info=&#8221;{}&#8221;][et_pb_column type=&#8221;1_3&#8243; _builder_version=&#8221;3.25&#8243; custom_padding=&#8221;|||&#8221; global_colors_info=&#8221;{}&#8221; custom_padding__hover=&#8221;|||&#8221;][et_pb_image src=&#8221;\/wp-content\/uploads\/2017\/12\/ikona_snidane.png&#8221; align=&#8221;center&#8221; align_tablet=&#8221;center&#8221; align_phone=&#8221;&#8221; align_last_edited=&#8221;on|desktop&#8221; _builder_version=&#8221;3.23&#8243; custom_margin=&#8221;20px|||&#8221; custom_margin_tablet=&#8221;0px|||&#8221; custom_margin_phone=&#8221;&#8221; custom_margin_last_edited=&#8221;on|desktop&#8221; global_colors_info=&#8221;{}&#8221;][\/et_pb_image][\/et_pb_column][et_pb_column type=&#8221;2_3&#8243; _builder_version=&#8221;3.25&#8243; custom_padding=&#8221;|||&#8221; global_colors_info=&#8221;{}&#8221; custom_padding__hover=&#8221;|||&#8221;][et_pb_text admin_label=&#8221;V cen\u011b za ubytov\u00e1n\u00ed je zahrnuta sn\u00eddan\u011b formou bufetu, na p\u0159\u00e1n\u00ed lze p\u0159ipravit sn\u00edda\u0148ov\u00fd bal\u00ed\u010dek. Parkov\u00e1n\u00ed je zdarma na ulici, anebo na uzav\u0159en\u00e9m parkovi\u0161ti za poplatek. Pro ku\u0159\u00e1ky je p\u0159ipravena kryt\u00e1 terasa v 1. pat\u0159e. Hovo\u0159\u00edme anglicky, n\u011bmecky a rusky. The price for the room includes a buffet style breakfast. On request we can make a breakfast bundle to go. You can park for free on the street or in a secured parking lot for a fee. There\u2019s a covered terrace on the first floor for smokers. Apart from Czech we speak English, German and Russian. We look forward to your visit!&#8221; _builder_version=&#8221;3.27.4&#8243; global_colors_info=&#8221;{}&#8221;]<\/p>\n<p>The price for the room includes a buffet style breakfast. On request we can make a breakfast bundle to go. You can park for free on the street or in a secured parking lot for a fee. There\u2019s a covered terrace on the first floor for smokers. Apart from Czech we speak English, German and Russian.<\/p>\n<p>We look forward to your visit!<br \/>\n[\/et_pb_text][\/et_pb_column][\/et_pb_row][et_pb_row _builder_version=&#8221;3.25&#8243; global_colors_info=&#8221;{}&#8221;][et_pb_column type=&#8221;4_4&#8243; _builder_version=&#8221;3.25&#8243; custom_padding=&#8221;|||&#8221; global_colors_info=&#8221;{}&#8221; custom_padding__hover=&#8221;|||&#8221;][et_pb_button button_url=&#8221;\/en\/reservation\/&#8221; button_text=&#8221;Book your room&#8221; button_alignment=&#8221;center&#8221; admin_label=&#8221;Tla\u010d\u00edtko Rezervujte si sv\u016fj pokoj Book your room&#8221; _builder_version=&#8221;3.16&#8243; custom_button=&#8221;on&#8221; button_border_radius=&#8221;5px&#8221; custom_margin=&#8221;25px|||&#8221; button_text_color_hover=&#8221;#ffffff&#8221; button_border_color_hover=&#8221;#666666&#8243; button_bg_color_hover=&#8221;#666666&#8243; global_module=&#8221;216792&#8243; saved_tabs=&#8221;all&#8221; global_colors_info=&#8221;{}&#8221; button_text_size__hover_enabled=&#8221;off&#8221; button_one_text_size__hover_enabled=&#8221;off&#8221; button_two_text_size__hover_enabled=&#8221;off&#8221; button_text_color__hover_enabled=&#8221;on&#8221; button_text_color__hover=&#8221;#ffffff&#8221; button_one_text_color__hover_enabled=&#8221;off&#8221; button_two_text_color__hover_enabled=&#8221;off&#8221; button_border_width__hover_enabled=&#8221;off&#8221; button_one_border_width__hover_enabled=&#8221;off&#8221; button_two_border_width__hover_enabled=&#8221;off&#8221; button_border_color__hover_enabled=&#8221;on&#8221; button_border_color__hover=&#8221;#666666&#8243; button_one_border_color__hover_enabled=&#8221;off&#8221; button_two_border_color__hover_enabled=&#8221;off&#8221; button_border_radius__hover_enabled=&#8221;off&#8221; button_one_border_radius__hover_enabled=&#8221;off&#8221; button_two_border_radius__hover_enabled=&#8221;off&#8221; button_letter_spacing__hover_enabled=&#8221;off&#8221; button_one_letter_spacing__hover_enabled=&#8221;off&#8221; button_two_letter_spacing__hover_enabled=&#8221;off&#8221; button_bg_color__hover_enabled=&#8221;on&#8221; button_bg_color__hover=&#8221;#666666&#8243; button_one_bg_color__hover_enabled=&#8221;off&#8221; button_two_bg_color__hover_enabled=&#8221;off&#8221;][\/et_pb_button][\/et_pb_column][\/et_pb_row][\/et_pb_section][et_pb_section fb_built=&#8221;1&#8243; module_class=&#8221;kontakt kontakt-row&#8221; _builder_version=&#8221;3.22&#8243; background_color=&#8221;#d4d4d4&#8243; custom_padding=&#8221;80px|0px|80px|0px|false|false&#8221; global_colors_info=&#8221;{}&#8221;][et_pb_row column_structure=&#8221;1_3,1_3,1_3&#8243; use_custom_gutter=&#8221;on&#8221; gutter_width=&#8221;1&#8243; make_equal=&#8221;on&#8221; _builder_version=&#8221;3.25&#8243; custom_margin=&#8221;0px||0px|&#8221; custom_padding=&#8221;0px||0px|&#8221; custom_width_px=&#8221;1400px&#8221; global_colors_info=&#8221;{}&#8221;][et_pb_column type=&#8221;1_3&#8243; _builder_version=&#8221;3.25&#8243; custom_padding=&#8221;|||&#8221; global_colors_info=&#8221;{}&#8221; custom_padding__hover=&#8221;|||&#8221;][et_pb_blurb title=&#8221;Penzion Hotel Morrison&#8221; use_icon=&#8221;on&#8221; font_icon=&#8221;&#xe01d;||divi||400&#8243; icon_color=&#8221;#717275&#8243; icon_placement=&#8221;left&#8221; admin_label=&#8221;Hotel Morrison &#8211; hotel Plze\u0148&#8221; _builder_version=&#8221;4.13.0&#8243; header_level=&#8221;h2&#8243; header_font=&#8221;||||||||&#8221; header_font_size=&#8221;18px&#8221; animation=&#8221;off&#8221; custom_css_blurb_image=&#8221;border-right: 1px solid #717275;||padding-right: 20px;&#8221; global_colors_info=&#8221;{}&#8221;]<\/p>\n<p>Th\u00e1mova 9<br \/> 301 00 Pilsen<\/p>\n<p>Czech Republic<\/p>\n<p>GPS: 49.73807, 13.36965<\/p>\n<p>[\/et_pb_blurb][et_pb_divider show_divider=&#8221;off&#8221; admin_label=&#8221;Odd\u011blova\u010d 35&#8243; _builder_version=&#8221;3.2&#8243; height=&#8221;35px&#8221; global_colors_info=&#8221;{}&#8221;]<\/p>\n<p>\u00a0<\/p>\n<p>[\/et_pb_divider][et_pb_blurb use_icon=&#8221;on&#8221; font_icon=&#8221;&#x7d;||divi||400&#8243; icon_color=&#8221;#717275&#8243; icon_placement=&#8221;left&#8221; admin_label=&#8221;Recepce otev\u0159ena do 22 hodin, po domluv\u011b i d\u00e9le Reception is open till 10 p.m., later when pre-arranged&#8221; _builder_version=&#8221;4.13.0&#8243; animation=&#8221;off&#8221; custom_css_blurb_image=&#8221;border-right: 1px solid #717275;||padding-right: 20px;&#8221; global_colors_info=&#8221;{}&#8221;]<\/p>\n<p>Reception is open till 10 p.m.,<br \/>later when pre-arranged<\/p>\n<p>[\/et_pb_blurb][et_pb_divider show_divider=&#8221;off&#8221; admin_label=&#8221;Odd\u011blova\u010d 35&#8243; _builder_version=&#8221;3.2&#8243; height=&#8221;35px&#8221; global_colors_info=&#8221;{}&#8221;]<\/p>\n<p>\u00a0<\/p>\n<p>[\/et_pb_divider][\/et_pb_column][et_pb_column type=&#8221;1_3&#8243; _builder_version=&#8221;3.25&#8243; custom_padding=&#8221;|||&#8221; global_colors_info=&#8221;{}&#8221; custom_padding__hover=&#8221;|||&#8221;][et_pb_blurb use_icon=&#8221;on&#8221; font_icon=&#8221;&#xe090;||divi||400&#8243; icon_color=&#8221;#717275&#8243; icon_placement=&#8221;left&#8221; admin_label=&#8221;Tel.: 420 377 370 952&#8243; _builder_version=&#8221;4.13.1&#8243; animation=&#8221;off&#8221; custom_css_blurb_image=&#8221;border-right: 1px solid #717275;||padding-right: 20px;&#8221; global_colors_info=&#8221;{}&#8221;]<\/p>\n<p><a href=\"tel:+420603484188\"><span>+420 603 484 188<\/span><\/a><\/p>\n<p>[\/et_pb_blurb][et_pb_divider show_divider=&#8221;off&#8221; admin_label=&#8221;Odd\u011blova\u010d 35&#8243; _builder_version=&#8221;3.2&#8243; height=&#8221;35px&#8221; global_colors_info=&#8221;{}&#8221;]<\/p>\n<p>\u00a0<\/p>\n<p>[\/et_pb_divider][et_pb_blurb use_icon=&#8221;on&#8221; font_icon=&#8221;&#xe010;||divi||400&#8243; icon_color=&#8221;#717275&#8243; icon_placement=&#8221;left&#8221; admin_label=&#8221;hotel@morrison.cz&#8221; _builder_version=&#8221;4.13.0&#8243; animation=&#8221;off&#8221; custom_css_blurb_image=&#8221;border-right: 1px solid #717275;||padding-right: 20px;&#8221; global_colors_info=&#8221;{}&#8221;]<\/p>\n<p><a href=\"mailto:hotel@morrison.cz\">hotel@morrison.cz<\/a><\/p>\n<p>[\/et_pb_blurb][et_pb_divider show_divider=&#8221;off&#8221; admin_label=&#8221;Odd\u011blova\u010d 35&#8243; _builder_version=&#8221;3.2&#8243; height=&#8221;35px&#8221; global_colors_info=&#8221;{}&#8221;]<\/p>\n<p>\u00a0<\/p>\n<p>[\/et_pb_divider][et_pb_blurb use_icon=&#8221;on&#8221; font_icon=&#8221;&#xe105;||divi||400&#8243; icon_color=&#8221;#717275&#8243; icon_placement=&#8221;left&#8221; admin_label=&#8221;<\/p>\n<p>Sn\u00eddan\u011b Po &#8211; P\u00e1: 7 &#8211; 9 hod.<br \/> So &#8211; Ne: 8 &#8211; 10 hod.<\/p>\n<p> Breakfast Mon \u2013 Fri: 7 \u2013 9:30 a.m. Sat \u2013 Sun: 8 \u2013 10 a.m.&#8221; _builder_version=&#8221;4.13.0&#8243; animation=&#8221;off&#8221; custom_css_blurb_image=&#8221;border-right: 1px solid #717275;||padding-right: 20px;&#8221; global_colors_info=&#8221;{}&#8221;]<\/p>\n<p>Breakfast<br \/>Mon\u2013Fri: 7\u20139 a.m.<br \/>Sat\u2013Sun: 8\u201310 a.m.<\/p>\n<p>[\/et_pb_blurb][\/et_pb_column][et_pb_column type=&#8221;1_3&#8243; _builder_version=&#8221;3.25&#8243; custom_padding=&#8221;|||-100px&#8221; custom_padding_tablet=&#8221;40px|||40px&#8221; custom_padding_phone=&#8221;20px|||40px&#8221; custom_padding_last_edited=&#8221;on|phone&#8221; global_colors_info=&#8221;{}&#8221; custom_padding__hover=&#8221;|||&#8221;][et_pb_text admin_label=&#8221;Kontaktn\u00ed formul\u00e1\u0159 %91vfb id=7%93 EN&#8221; module_class=&#8221;kontaktni-formular&#8221; _builder_version=&#8221;3.27.4&#8243; custom_margin=&#8221;|-15px||-50px&#8221; custom_margin_tablet=&#8221;&#8221; custom_margin_phone=&#8221;30px|||&#8221; custom_margin_last_edited=&#8221;on|desktop&#8221; custom_padding=&#8221;0px|||&#8221; custom_padding_tablet=&#8221;&#8221; custom_padding_phone=&#8221;10px|||&#8221; custom_padding_last_edited=&#8221;on|desktop&#8221; custom_css_main_element=&#8221;margin-top: -1em!important; ||&#8221; global_colors_info=&#8221;{}&#8221;]<div role=\"form\" class=\"wpcf7\" id=\"wpcf7-f217688-o1\" lang=\"cs-CZ\" dir=\"ltr\">\n<div class=\"screen-reader-response\"><p role=\"status\" aria-live=\"polite\" aria-atomic=\"true\"><\/p> <ul><\/ul><\/div>\n<form action=\"\/en\/wp-json\/wp\/v2\/pages\/216791#wpcf7-f217688-o1\" method=\"post\" class=\"wpcf7-form init\" novalidate=\"novalidate\" data-status=\"init\">\n<div style=\"display: none;\">\n<input type=\"hidden\" name=\"_wpcf7\" value=\"217688\" \/>\n<input type=\"hidden\" name=\"_wpcf7_version\" value=\"5.5.2\" \/>\n<input type=\"hidden\" name=\"_wpcf7_locale\" value=\"cs_CZ\" \/>\n<input type=\"hidden\" name=\"_wpcf7_unit_tag\" value=\"wpcf7-f217688-o1\" \/>\n<input type=\"hidden\" name=\"_wpcf7_container_post\" value=\"0\" \/>\n<input type=\"hidden\" name=\"_wpcf7_posted_data_hash\" value=\"\" \/>\n<input type=\"hidden\" name=\"_wpcf7_recaptcha_response\" value=\"\" \/>\n<\/div>\n<div class=\"cf7-field cf7-half\"><span class=\"wpcf7-form-control-wrap jmeno\"><input type=\"text\" name=\"jmeno\" value=\"\" size=\"40\" class=\"wpcf7-form-control wpcf7-text wpcf7-validates-as-required\" aria-required=\"true\" aria-invalid=\"false\" placeholder=\"Your name and surname*\" \/><\/span><\/div>\n<div class=\"cf7-field cf7-half\"><span class=\"wpcf7-form-control-wrap tel\"><input type=\"tel\" name=\"tel\" value=\"\" size=\"40\" class=\"wpcf7-form-control wpcf7-text wpcf7-tel wpcf7-validates-as-tel\" aria-invalid=\"false\" placeholder=\"Your mobile incl. prefix\" \/><\/span><\/div>\n<div class=\"cf7-field cf7-full clear\"><span class=\"wpcf7-form-control-wrap email\"><input type=\"email\" name=\"email\" value=\"\" size=\"40\" class=\"wpcf7-form-control wpcf7-text wpcf7-email wpcf7-validates-as-required wpcf7-validates-as-email\" aria-required=\"true\" aria-invalid=\"false\" placeholder=\"Your email*\" \/><\/span><\/div>\n<div class=\"cf7-field cf7-full\"><span class=\"wpcf7-form-control-wrap zprava\"><textarea name=\"zprava\" cols=\"50\" rows=\"5\" class=\"wpcf7-form-control wpcf7-textarea wpcf7-validates-as-required\" aria-required=\"true\" aria-invalid=\"false\" placeholder=\"Drop us a line*\"><\/textarea><\/span><\/div>\n<p><input type=\"submit\" value=\"Send\" class=\"wpcf7-form-control has-spinner wpcf7-submit cf7-submit\" \/><\/p>\n<div class=\"wpcf7-response-output\" aria-hidden=\"true\"><\/div><\/form><\/div>[\/et_pb_text][\/et_pb_column][\/et_pb_row][\/et_pb_section]<\/p>\n","protected":false},"excerpt":{"rendered":"<p>Penzion Hotel Morrison Pleasant and well priced accommodation in Pilsen since 1995. &nbsp; We are located in a quiet street only 10 mins walk from the city center, close to public transport and not far from the ice hockey stadium, Skoda Plzen, Borska pole industrial zone and Techmania. The cultural space Moving Station is around [&hellip;]<\/p>\n","protected":false},"author":11,"featured_media":0,"parent":0,"menu_order":0,"comment_status":"closed","ping_status":"closed","template":"","meta":{"_et_pb_use_builder":"on","_et_pb_old_content":"<p>This is an example page. It's different from a blog post because it will stay in one place and will show up in your site navigation (in most themes). Most people start with an About page that introduces them to potential site visitors. It might say something like this:<\/p><blockquote><p>Hi there! I'm a bike messenger by day, aspiring actor by night, and this is my website. I live in Los Angeles, have a great dog named Jack, and I like pi\u00f1a coladas. (And gettin' caught in the rain.)<\/p><\/blockquote><p>...or something like this:<\/p><blockquote><p>The XYZ Doohickey Company was founded in 1971, and has been providing quality doohickeys to the public ever since. Located in Gotham City, XYZ employs over 2,000 people and does all kinds of awesome things for the Gotham community.<\/p><\/blockquote><p>As a new WordPress user, you should go to <a href=\"http:\/\/vasenovewebovestranky.eu\/wp-admin\/\">your dashboard<\/a> to delete this page and create new pages for your content. Have fun!<\/p>","_et_gb_content_width":""},"_links":{"self":[{"href":"https:\/\/www.morrison.cz\/en\/wp-json\/wp\/v2\/pages\/216791"}],"collection":[{"href":"https:\/\/www.morrison.cz\/en\/wp-json\/wp\/v2\/pages"}],"about":[{"href":"https:\/\/www.morrison.cz\/en\/wp-json\/wp\/v2\/types\/page"}],"author":[{"embeddable":true,"href":"https:\/\/www.morrison.cz\/en\/wp-json\/wp\/v2\/users\/11"}],"replies":[{"embeddable":true,"href":"https:\/\/www.morrison.cz\/en\/wp-json\/wp\/v2\/comments?post=216791"}],"version-history":[{"count":39,"href":"https:\/\/www.morrison.cz\/en\/wp-json\/wp\/v2\/pages\/216791\/revisions"}],"predecessor-version":[{"id":223141,"href":"https:\/\/www.morrison.cz\/en\/wp-json\/wp\/v2\/pages\/216791\/revisions\/223141"}],"wp:attachment":[{"href":"https:\/\/www.morrison.cz\/en\/wp-json\/wp\/v2\/media?parent=216791"}],"curies":[{"name":"wp","href":"https:\/\/api.w.org\/{rel}","templated":true}]}}